{"id":1798,"date":"2023-05-02T12:47:21","date_gmt":"2023-05-02T10:47:21","guid":{"rendered":"https:\/\/portofbaja.hu\/?page_id=1798"},"modified":"2024-06-04T12:48:53","modified_gmt":"2024-06-04T10:48:53","slug":"terminalok","status":"publish","type":"page","link":"https:\/\/portofbaja.hu\/en\/terminalok\/","title":{"rendered":"Termin\u00e1lok"},"content":{"rendered":"<p>[et_pb_section fb_built=&#8221;1&#8243; _builder_version=&#8221;4.15.0&#8243; _module_preset=&#8221;default&#8221; global_colors_info=&#8221;{}&#8221;][et_pb_row column_structure=&#8221;1_4,3_4&#8243; _builder_version=&#8221;4.15.0&#8243; _module_preset=&#8221;default&#8221; global_colors_info=&#8221;{}&#8221;][et_pb_column type=&#8221;1_4&#8243; _builder_version=&#8221;4.15.0&#8243; _module_preset=&#8221;default&#8221; global_colors_info=&#8221;{}&#8221;][et_pb_image src=&#8221;https:\/\/portofbaja.hu\/wp-content\/uploads\/2023\/05\/showpic.jpeg&#8221; title_text=&#8221;showpic&#8221; _builder_version=&#8221;4.15.0&#8243; _module_preset=&#8221;default&#8221; global_colors_info=&#8221;{}&#8221;][\/et_pb_image][\/et_pb_column][et_pb_column type=&#8221;3_4&#8243; _builder_version=&#8221;4.15.0&#8243; _module_preset=&#8221;default&#8221; global_colors_info=&#8221;{}&#8221;][et_pb_text _builder_version=&#8221;4.15.0&#8243; _module_preset=&#8221;default&#8221; global_colors_info=&#8221;{}&#8221;]<\/p>\n<h3><span>BOKK (terminal no. 1) \u2013 Ro-Ro Terminal<\/span><\/h3>\n<p><span>Unloading and loading of road vehicles (Ro-Ro), storage, handling, bridging of ships, customs services (customs from May 1, 2004), freight forwarding activities, loading and unloading of occasional general cargo into watercraft, transport organization, consulting, data provision, for truckers social spaces.<\/span><\/p>\n<p>[\/et_pb_text][\/et_pb_column][\/et_pb_row][et_pb_row column_structure=&#8221;1_4,3_4&#8243; _builder_version=&#8221;4.15.0&#8243; _module_preset=&#8221;default&#8221; global_colors_info=&#8221;{}&#8221;][et_pb_column type=&#8221;1_4&#8243; _builder_version=&#8221;4.15.0&#8243; _module_preset=&#8221;default&#8221; global_colors_info=&#8221;{}&#8221;][et_pb_image src=&#8221;https:\/\/portofbaja.hu\/wp-content\/uploads\/2023\/05\/showpic-1.jpeg&#8221; title_text=&#8221;showpic (1)&#8221; _builder_version=&#8221;4.15.0&#8243; _module_preset=&#8221;default&#8221; global_colors_info=&#8221;{}&#8221;][\/et_pb_image][\/et_pb_column][et_pb_column type=&#8221;3_4&#8243; _builder_version=&#8221;4.15.0&#8243; _module_preset=&#8221;default&#8221; global_colors_info=&#8221;{}&#8221;][et_pb_text _builder_version=&#8221;4.15.0&#8243; _module_preset=&#8221;default&#8221; global_colors_info=&#8221;{}&#8221;]<\/p>\n<h3><span>BOKK (terminal no. 2, 3, 7) \u2013 \u00c1ti Depo LTd.<\/span><\/h3>\n<p><span>Complex logistics service, handling of goods arriving by road, rail and water, domestic warehousing, public customs warehousing, tax warehousing, picking, distribution activities, international shipping, customs administration, container storage, port services, barge loading, loading of 20\u2032 and 40\u2032 containers, public warehousing, grain logistics. As additional services, office rental, plant health service, online banking service, customs office, ship repair facility, and truck parking are available to partners. There is also a customs office on the site.<\/span><\/p>\n<p>[\/et_pb_text][\/et_pb_column][\/et_pb_row][et_pb_row column_structure=&#8221;1_4,3_4&#8243; _builder_version=&#8221;4.15.0&#8243; _module_preset=&#8221;default&#8221; global_colors_info=&#8221;{}&#8221;][et_pb_column type=&#8221;1_4&#8243; _builder_version=&#8221;4.15.0&#8243; _module_preset=&#8221;default&#8221; global_colors_info=&#8221;{}&#8221;][et_pb_image src=&#8221;https:\/\/portofbaja.hu\/wp-content\/uploads\/2023\/05\/showpic-2.jpeg&#8221; title_text=&#8221;showpic (2)&#8221; _builder_version=&#8221;4.15.0&#8243; _module_preset=&#8221;default&#8221; global_colors_info=&#8221;{}&#8221;][\/et_pb_image][\/et_pb_column][et_pb_column type=&#8221;3_4&#8243; _builder_version=&#8221;4.15.0&#8243; _module_preset=&#8221;default&#8221; global_colors_info=&#8221;{}&#8221;][et_pb_text _builder_version=&#8221;4.15.0&#8243; _module_preset=&#8221;default&#8221; global_colors_info=&#8221;{}&#8221;]<\/p>\n<h3><span>BOKK (terminal no. 4) \u2013 Green Port<\/span><\/h3>\n<p style=\"font-weight: 400;\" class=\" translation-block\">We would like to inform you that an investment is currently underway in the Port of Baja, part of which is the transformation and development of the technology of the Green Port. The duration of the investment is 2022. It lasts from Aug. 9 to Dec. 31, 2023. During this period, the operation of Baja's <strong>Z\u00f6ld K\u00edk\u0151t\u0151 will be suspended!!!<\/strong> It provides the opportunity to receive electricity and water, to discharge and treat sewage and bilge water, and to discharge tired oil, oily rags and filters. Advance registration: +36 79 422-502.<\/p>\n<p style=\"font-weight: 400;\">Opening hours: Monday to Friday from 8:00 a.m. to 4:00 p.m.<\/p>\n<p>[\/et_pb_text][\/et_pb_column][\/et_pb_row][et_pb_row column_structure=&#8221;1_4,3_4&#8243; _builder_version=&#8221;4.15.0&#8243; _module_preset=&#8221;default&#8221; global_colors_info=&#8221;{}&#8221;][et_pb_column type=&#8221;1_4&#8243; _builder_version=&#8221;4.15.0&#8243; _module_preset=&#8221;default&#8221; global_colors_info=&#8221;{}&#8221;][et_pb_image src=&#8221;https:\/\/portofbaja.hu\/wp-content\/uploads\/2023\/05\/showpic-3.jpeg&#8221; title_text=&#8221;showpic (3)&#8221; _builder_version=&#8221;4.15.0&#8243; _module_preset=&#8221;default&#8221; global_colors_info=&#8221;{}&#8221;][\/et_pb_image][\/et_pb_column][et_pb_column type=&#8221;3_4&#8243; _builder_version=&#8221;4.15.0&#8243; _module_preset=&#8221;default&#8221; global_colors_info=&#8221;{}&#8221;][et_pb_text _builder_version=&#8221;4.15.0&#8243; _module_preset=&#8221;default&#8221; global_colors_info=&#8221;{}&#8221;]<\/p>\n<h3><span>BOKK (terminal no. 5) \u2013 RWA Magyarorsz\u00e1g LTd.<\/span><\/h3>\n<p style=\"font-weight: 400;\"><span>In the port, bulk cereals and grains are directly or indirectly loaded onto ships and stored. Ship loading capacity: 200 t\/h. They have 2 steel silos with a capacity of 1,000 tons for pre-storage (buffering) of crops. Storage planned for a longer period is carried out in 2 flat containers with a capacity of 1,500 tons. In addition to actual ship loading, they are at the disposal of their partners in coordinating the delivery of the product, in maintaining contact with quality control companies, and in documentation.<\/span><\/p>\n<p>[\/et_pb_text][\/et_pb_column][\/et_pb_row][et_pb_row column_structure=&#8221;1_4,3_4&#8243; _builder_version=&#8221;4.15.0&#8243; _module_preset=&#8221;default&#8221; global_colors_info=&#8221;{}&#8221;][et_pb_column type=&#8221;1_4&#8243; _builder_version=&#8221;4.15.0&#8243; _module_preset=&#8221;default&#8221; global_colors_info=&#8221;{}&#8221;][et_pb_gallery gallery_ids=&#8221;2274&#8243; show_title_and_caption=&#8221;off&#8221; _builder_version=&#8221;4.15.0&#8243; _module_preset=&#8221;default&#8221; hover_enabled=&#8221;0&#8243; global_colors_info=&#8221;{}&#8221; sticky_enabled=&#8221;0&#8243;][\/et_pb_gallery][\/et_pb_column][et_pb_column type=&#8221;3_4&#8243; _builder_version=&#8221;4.15.0&#8243; _module_preset=&#8221;default&#8221; global_colors_info=&#8221;{}&#8221;][et_pb_text _builder_version=&#8221;4.15.0&#8243; _module_preset=&#8221;default&#8221; global_colors_info=&#8221;{}&#8221;]<\/p>\n<h3><span>BOKK (terminal no. 6) \u2013 Hungaria Agro LTd.<\/span><\/h3>\n<p style=\"font-weight: 400;\"><span>Domestic and international trade of grain and oilseeds. Transshipment of grain and oilseeds, by road delivery, loading into Danube transport vehicles (ships, barges) and road vehicles, pre-storage as required in metal silos with a capacity of 10,000 tons. Crop storage, goods handling, weighing.<\/span><\/p>\n<p>[\/et_pb_text][\/et_pb_column][\/et_pb_row][et_pb_row column_structure=&#8221;1_4,3_4&#8243; _builder_version=&#8221;4.15.0&#8243; _module_preset=&#8221;default&#8221; global_colors_info=&#8221;{}&#8221;][et_pb_column type=&#8221;1_4&#8243; _builder_version=&#8221;4.15.0&#8243; _module_preset=&#8221;default&#8221; global_colors_info=&#8221;{}&#8221;][et_pb_image src=&#8221;https:\/\/portofbaja.hu\/wp-content\/uploads\/2023\/05\/DSC_8469-1024&#215;683.jpg&#8221; title_text=&#8221;DSC_8469&#8243; _builder_version=&#8221;4.15.0&#8243; _module_preset=&#8221;default&#8221; global_colors_info=&#8221;{}&#8221;][\/et_pb_image][\/et_pb_column][et_pb_column type=&#8221;3_4&#8243; _builder_version=&#8221;4.15.0&#8243; _module_preset=&#8221;default&#8221; global_colors_info=&#8221;{}&#8221;][et_pb_text _builder_version=&#8221;4.15.0&#8243; _module_preset=&#8221;default&#8221; global_colors_info=&#8221;{}&#8221;]<\/p>\n<h3><span>BOKK (terminal no. 8) \u2013 Gemenc LTd.<\/span><\/h3>\n<p style=\"font-weight: 400;\"><span>Unloading and loading of bulk goods (wood), storage, loading onto road and rail vehicles, bribing of ships.<\/span><\/p>\n<p>[\/et_pb_text][\/et_pb_column][\/et_pb_row][et_pb_row column_structure=&#8221;1_4,3_4&#8243; _builder_version=&#8221;4.15.0&#8243; _module_preset=&#8221;default&#8221; global_colors_info=&#8221;{}&#8221;][et_pb_column type=&#8221;1_4&#8243; _builder_version=&#8221;4.15.0&#8243; _module_preset=&#8221;default&#8221; global_colors_info=&#8221;{}&#8221;][et_pb_image src=&#8221;https:\/\/portofbaja.hu\/wp-content\/uploads\/2023\/05\/port-almas-1-1024&#215;536.jpg&#8221; title_text=&#8221;port alma\u0301s 1&#8243; _builder_version=&#8221;4.15.0&#8243; _module_preset=&#8221;default&#8221; global_colors_info=&#8221;{}&#8221;][\/et_pb_image][\/et_pb_column][et_pb_column type=&#8221;3_4&#8243; _builder_version=&#8221;4.15.0&#8243; _module_preset=&#8221;default&#8221; global_colors_info=&#8221;{}&#8221;][et_pb_text _builder_version=&#8221;4.15.0&#8243; _module_preset=&#8221;default&#8221; global_colors_info=&#8221;{}&#8221;]<\/p>\n<h3><span>BOKK (terminal no. 9) \u2013 Port Almas LTd.<\/span><\/h3>\n<p style=\"font-weight: 400;\"><span>Loading, storage, handling of gravel and sand, bribing ships.<\/span><\/p>\n<p>[\/et_pb_text][\/et_pb_column][\/et_pb_row][\/et_pb_section]<\/p>","protected":false},"excerpt":{"rendered":"<p>BOKK (1. sz. haj\u00f3\u00e1ll\u00e1s) &#8211; Ro-Ro Termin\u00e1l K\u00f6z\u00fati j\u00e1rm\u0171vek ki- \u00e9s berak\u00e1sa (Ro-Ro), t\u00e1rol\u00e1sa, kezel\u00e9se, haj\u00f3k vesztegl\u00e9se, v\u00e1mszolg\u00e1ltat\u00e1s (v\u00e1m\u00fat 2004. m\u00e1jus 1-t\u0151l), spedit\u0151ri tev\u00e9kenys\u00e9g, eseti darab\u00e1ru v\u00edzi j\u00e1rm\u0171be t\u00f6rt\u00e9n\u0151 be- \u00e9s kirak\u00e1sa, fuvarszervez\u00e9s, szaktan\u00e1csad\u00e1s, adatszolg\u00e1ltat\u00e1s, kamionosoknak szoci\u00e1lis helys\u00e9gek.BOKK (2, 3, 7 sz. haj\u00f3\u00e1ll\u00e1s) &#8211; \u00c1ti Depo Zrt. Komplex logisztikai szolg\u00e1ltat\u00e1s, k\u00f6z\u00faton, vas\u00faton \u00e9s v\u00edzi \u00faton [&hellip;]<\/p>","protected":false},"author":1,"featured_media":0,"parent":0,"menu_order":0,"comment_status":"closed","ping_status":"closed","template":"","meta":{"_et_pb_use_builder":"on","_et_pb_old_content":"","_et_gb_content_width":"","footnotes":""},"_links":{"self":[{"href":"https:\/\/portofbaja.hu\/en\/wp-json\/wp\/v2\/pages\/1798"}],"collection":[{"href":"https:\/\/portofbaja.hu\/en\/wp-json\/wp\/v2\/pages"}],"about":[{"href":"https:\/\/portofbaja.hu\/en\/wp-json\/wp\/v2\/types\/page"}],"author":[{"embeddable":true,"href":"https:\/\/portofbaja.hu\/en\/wp-json\/wp\/v2\/users\/1"}],"replies":[{"embeddable":true,"href":"https:\/\/portofbaja.hu\/en\/wp-json\/wp\/v2\/comments?post=1798"}],"version-history":[{"count":5,"href":"https:\/\/portofbaja.hu\/en\/wp-json\/wp\/v2\/pages\/1798\/revisions"}],"predecessor-version":[{"id":2275,"href":"https:\/\/portofbaja.hu\/en\/wp-json\/wp\/v2\/pages\/1798\/revisions\/2275"}],"wp:attachment":[{"href":"https:\/\/portofbaja.hu\/en\/wp-json\/wp\/v2\/media?parent=1798"}],"curies":[{"name":"wp","href":"https:\/\/api.w.org\/{rel}","templated":true}]}}